{"id":119,"date":"2012-12-03T10:29:36","date_gmt":"2012-12-03T08:29:36","guid":{"rendered":"http:\/\/www.dante-sound-aid.de\/cosson\/?page_id=119"},"modified":"2015-10-23T21:03:50","modified_gmt":"2015-10-23T19:03:50","slug":"verwaltung","status":"publish","type":"page","link":"http:\/\/www.cosson-hausverwaltung.de\/cosson\/?page_id=119","title":{"rendered":"WEG-Verwaltung"},"content":{"rendered":"<h3>Kompetent &#8211; zeitnah &#8211; transparent<\/h3>\n<p>Die COSSON Haus- und WEG-Verwaltung regelt kompetent, zeitnah und transparent alle anfallenden Angelegenheiten Ihrer Wohnungseigent\u00fcmergemeinschaft. Neben dem kaufm\u00e4nnischen, organisatorischen und technischen Alltagsgesch\u00e4ft einer WEG-Verwaltung behalten wir stets langfristige Strategien bez\u00fcglich Pflege und Erhalt Ihres Eigentums im Fokus all unserer \u00dcberlegungen. Diese entwickeln wir mit Ihnen gemeinsam, passen sie an und bauen sie aus. Auf diese Weise lassen sich rechtzeitig die Weichen f\u00fcr ein nachhaltiges, wirtschaftlich angemessenes Management Ihres Eigentums stellen.<\/p>\n<p>COSSON Haus- und WEG-Verwaltung: Damit Sie sich beruhigt zur\u00fccklehnen k\u00f6nnen.<\/p>\n<h4>Auschnitte aus unserem Leistungsportfolio:<\/h4>\n<ul class=\"portfolioul\">\n<li class=\"portfolio\">Organisation und Durchf\u00fchrung  der j\u00e4hrlichen WEG-Versammlung<\/li>\n<li class=\"portfolio\">Vertrauensvolle Zusammenarbeit mit den Beir\u00e4ten<\/li>\n<li class=\"portfolio\">J\u00e4hrliche Hausgeld-Abrechnungen &#8211; klar und verst\u00e4ndlich<\/li>\n<li class=\"portfolio\">Erstellung eines j\u00e4hrlichen Wirtschaftsplans<\/li>\n<li class=\"portfolio\">Aufmerksame Verwaltung Ihrer Instandhaltungsr\u00fccklagen<\/li>\n<li class=\"portfolio\">Durchsetzung der Hausordnung<\/li>\n<li class=\"portfolio\">Regelm\u00e4\u00dfige Begehung Ihrer Liegenschaft<\/li>\n<li class=\"portfolio\">Effektive Zusammenarbeit mit Handwerksbetrieben und sonstigen Dienstleistern<\/li>\n<li class=\"portfolio\">Abwicklung von Schadensf\u00e4llen<\/li>\n<li class=\"portfolio\">&#8230;<\/li>\n<\/ul>\n<p>&nbsp;<\/p>\n<p>Sie haben Fragen? <\/p>\n<p>[button link=&#8220;http:\/\/www.cosson-hausverwaltung.de\/cosson\/?page_id=232&#8243; type=&#8220;icon&#8220; icon=&#8220;mail&#8220;] Kontaktieren Sie uns![\/button]<\/p>\n","protected":false},"excerpt":{"rendered":"<p>Kompetent &#8211; zeitnah &#8211; transparent Die COSSON Haus- und WEG-Verwaltung regelt kompetent, zeitnah und transparent alle anfallenden Angelegenheiten Ihrer Wohnungseigent\u00fcmergemeinschaft. Neben dem kaufm\u00e4nnischen, organisatorischen und technischen Alltagsgesch\u00e4ft einer WEG-Verwaltung behalten wir stets langfristige Strategien bez\u00fcglich Pflege und Erhalt Ihres Eigentums &hellip; <a href=\"http:\/\/www.cosson-hausverwaltung.de\/cosson\/?page_id=119\">Weiterlesen <span class=\"meta-nav\">&rarr;<\/span><\/a><\/p>\n","protected":false},"author":2,"featured_media":0,"parent":82,"menu_order":0,"comment_status":"closed","ping_status":"closed","template":"","meta":[],"_links":{"self":[{"href":"http:\/\/www.cosson-hausverwaltung.de\/cosson\/index.php?rest_route=\/wp\/v2\/pages\/119"}],"collection":[{"href":"http:\/\/www.cosson-hausverwaltung.de\/cosson\/index.php?rest_route=\/wp\/v2\/pages"}],"about":[{"href":"http:\/\/www.cosson-hausverwaltung.de\/cosson\/index.php?rest_route=\/wp\/v2\/types\/page"}],"author":[{"embeddable":true,"href":"http:\/\/www.cosson-hausverwaltung.de\/cosson\/index.php?rest_route=\/wp\/v2\/users\/2"}],"replies":[{"embeddable":true,"href":"http:\/\/www.cosson-hausverwaltung.de\/cosson\/index.php?rest_route=%2Fwp%2Fv2%2Fcomments&post=119"}],"version-history":[{"count":24,"href":"http:\/\/www.cosson-hausverwaltung.de\/cosson\/index.php?rest_route=\/wp\/v2\/pages\/119\/revisions"}],"predecessor-version":[{"id":341,"href":"http:\/\/www.cosson-hausverwaltung.de\/cosson\/index.php?rest_route=\/wp\/v2\/pages\/119\/revisions\/341"}],"up":[{"embeddable":true,"href":"http:\/\/www.cosson-hausverwaltung.de\/cosson\/index.php?rest_route=\/wp\/v2\/pages\/82"}],"wp:attachment":[{"href":"http:\/\/www.cosson-hausverwaltung.de\/cosson\/index.php?rest_route=%2Fwp%2Fv2%2Fmedia&parent=119"}],"curies":[{"name":"wp","href":"https:\/\/api.w.org\/{rel}","templated":true}]}}