{"id":165,"date":"2012-12-07T19:02:11","date_gmt":"2012-12-07T17:02:11","guid":{"rendered":"http:\/\/www.cosson-hausverwaltung.de\/cosson\/?page_id=165"},"modified":"2015-10-27T22:36:43","modified_gmt":"2015-10-27T20:36:43","slug":"mietverwaltung","status":"publish","type":"page","link":"http:\/\/www.cosson-hausverwaltung.de\/cosson\/?page_id=165","title":{"rendered":"Mietverwaltung"},"content":{"rendered":"<h3> Wir organisieren &#8211; Sie profitieren<\/h3>\n<p>Selbstverst\u00e4ndlich \u00fcbernimmt die COSSON Haus- und WEG-Verwaltung ausschlie\u00dflich oder zus\u00e4tzlich die Verwaltung Ihrer Mietobjekte. Dabei k\u00fcmmern wir uns um alle anfallenden Arbeiten rund um Ihr Mietobjekt. Unsere Leistung f\u00fcr Sie umfasst die kaufm\u00e4nnische, organisatorische und technische Verwaltung Ihres Mietobjektes. Sie kann, ganz nach Ihren Bed\u00fcrfnissen, modular angepasst werden. Ihre Anliegen sind flexibel &#8211; wir sind es auch. <\/p>\n<h4>Das leisten wir unter anderem f\u00fcr Sie:<\/h4>\n<ul class=\"portfolioul\">\n<li class=\"portfolio\">Zeitnahe transparente Betriebskostenabrechnungen <\/li>\n<li class=\"portfolio\">Bearbeitung und Kontrolle aller monet\u00e4ren Abl\u00e4ufe<\/li>\n<li class=\"portfolio\">\u00dcberpr\u00fcfung und Optimierung von Energieliefervertr\u00e4gen<\/li>\n<li class=\"portfolio\">Wirtschaftplanung und Budgetierung<\/li>\n<li class=\"portfolio\">Forderungsmanagement gegen\u00fcber Ihren Vertragspartnern und Mietern<\/li>\n<li class=\"portfolio\">Begleitung und Kontrolle von Instandsetzungsma\u00dfnahmen<\/li>\n<li class=\"portfolio\">Wohnungsabnahmen und Neuvermietung<\/li>\n<li class=\"portfolio\">&#8230;<\/li>\n<\/ul>\n<p>&nbsp;<\/p>\n<p>Sie haben Fragen?<\/p>\n<p>[button link=&#8220;http:\/\/www.cosson-hausverwaltung.de\/cosson\/?page_id=232&#8243; type=&#8220;icon&#8220; icon=&#8220;mail&#8220;] Kontaktieren Sie uns![\/button]<\/p>\n","protected":false},"excerpt":{"rendered":"<p>Wir organisieren &#8211; Sie profitieren Selbstverst\u00e4ndlich \u00fcbernimmt die COSSON Haus- und WEG-Verwaltung ausschlie\u00dflich oder zus\u00e4tzlich die Verwaltung Ihrer Mietobjekte. Dabei k\u00fcmmern wir uns um alle anfallenden Arbeiten rund um Ihr Mietobjekt. Unsere Leistung f\u00fcr Sie umfasst die kaufm\u00e4nnische, organisatorische und &hellip; <a href=\"http:\/\/www.cosson-hausverwaltung.de\/cosson\/?page_id=165\">Weiterlesen <span class=\"meta-nav\">&rarr;<\/span><\/a><\/p>\n","protected":false},"author":1,"featured_media":0,"parent":82,"menu_order":0,"comment_status":"open","ping_status":"open","template":"","meta":[],"_links":{"self":[{"href":"http:\/\/www.cosson-hausverwaltung.de\/cosson\/index.php?rest_route=\/wp\/v2\/pages\/165"}],"collection":[{"href":"http:\/\/www.cosson-hausverwaltung.de\/cosson\/index.php?rest_route=\/wp\/v2\/pages"}],"about":[{"href":"http:\/\/www.cosson-hausverwaltung.de\/cosson\/index.php?rest_route=\/wp\/v2\/types\/page"}],"author":[{"embeddable":true,"href":"http:\/\/www.cosson-hausverwaltung.de\/cosson\/index.php?rest_route=\/wp\/v2\/users\/1"}],"replies":[{"embeddable":true,"href":"http:\/\/www.cosson-hausverwaltung.de\/cosson\/index.php?rest_route=%2Fwp%2Fv2%2Fcomments&post=165"}],"version-history":[{"count":17,"href":"http:\/\/www.cosson-hausverwaltung.de\/cosson\/index.php?rest_route=\/wp\/v2\/pages\/165\/revisions"}],"predecessor-version":[{"id":342,"href":"http:\/\/www.cosson-hausverwaltung.de\/cosson\/index.php?rest_route=\/wp\/v2\/pages\/165\/revisions\/342"}],"up":[{"embeddable":true,"href":"http:\/\/www.cosson-hausverwaltung.de\/cosson\/index.php?rest_route=\/wp\/v2\/pages\/82"}],"wp:attachment":[{"href":"http:\/\/www.cosson-hausverwaltung.de\/cosson\/index.php?rest_route=%2Fwp%2Fv2%2Fmedia&parent=165"}],"curies":[{"name":"wp","href":"https:\/\/api.w.org\/{rel}","templated":true}]}}