{"id":351,"date":"2018-06-20T22:24:57","date_gmt":"2018-06-20T20:24:57","guid":{"rendered":"http:\/\/www.cosson-hausverwaltung.de\/cosson\/?page_id=351"},"modified":"2018-06-20T22:56:33","modified_gmt":"2018-06-20T20:56:33","slug":"datenschutz","status":"publish","type":"page","link":"http:\/\/www.cosson-hausverwaltung.de\/cosson\/?page_id=351","title":{"rendered":"Datenschutz"},"content":{"rendered":"<h4>1) Information \u00fcber die Erhebung personenbezogener Daten<\/h4>\n<p><b>1.1<\/b>\u2009. Im Folgenden informieren wir Sie \u00fcber den Umgang mit etwaigen personenbezogenen Daten bei der Nutzung unserer Website. Personenbezogene Daten werden definiert als all jene Daten, mit denen Sie pers\u00f6nlich identifiziert werden k\u00f6nnen.<\/p>\n<p><b>1.2<\/b>\u2009Verantwortlicher f\u00fcr die Datenverarbeitung auf dieser Website im Sinne der europ\u00e4ischen Datenschutz-Grundverordnung (DSGVO) ist <strong>Frau Ruth Cosson<\/strong>.<\/p>\n<p>Frau Ruth Cosson<br \/>\nGirardetstr. 96<br \/>\n42109 Wuppertal<br \/>\nTel: 0202 \/ 72 31 95<br \/>\nFax: 0202 \/ 74 71 922<br \/>\nMobil: 0177 \/ 88 900 89<br \/>\ninfo@cosson-hausverwaltung.de<\/p>\n<h4>2) Datenerfassung beim Besuch unserer Website<\/h4>\n<p>Unsere Webpr\u00e4senz dient der informatorischen Nutzung und stellt nur indirekte M\u00f6glichkeiten dazu bereit, mit uns in Kontakt zu treten. Dies geschieht ausschlie\u00dflich durch die Angabe von Telefonnummern unserer B\u00fcros, durch die Angabe der relevanten postalischen Anschriften sowie durch die Angabe von relevanten eMail Adressen unserer Firma. Eine direkte \u00dcbermittlung personenbezogener Daten \u00fcber Funktionalit\u00e4ten unsere Website, etwa in Form eines Kontaktformulares, findet nicht statt.<\/p>\n<p>Im Rahmen der informatorischen Nutzung erheben wir nur solche Daten, die Ihr Browser beim Aufrufen unserer Website an unseren Server \u00fcbermittelt (sog. \u201eServer-Logfiles\u201c). Wenn Sie unsere Website aufrufen, erheben wir die folgenden Daten, die f\u00fcr uns technisch erforderlich sind, um Ihnen die Website anzuzeigen:<\/p>\n<ul>\n<li>Unsere besuchte Website<\/li>\n<li>Datum und Uhrzeit zum Zeitpunkt des Zugriffes<\/li>\n<li>Menge der gesendeten Daten in Byte<\/li>\n<li>Quelle\/Verweis, von welchem Sie auf die Seite gelangten<\/li>\n<li>Verwendeter Browser<\/li>\n<li>Verwendetes Betriebssystem<\/li>\n<li>Verwendete IP-Adresse (ggf.: in anonymisierter Form)<\/li>\n<\/ul>\n<p>&nbsp;<\/p>\n<p>Die Verarbeitung erfolgt gem\u00e4\u00df Art. 6 Abs. 1 lit. f DSGVO auf Basis unseres berechtigten Interesses an der Verbesserung der Stabilit\u00e4t und Funktionalit\u00e4t unserer Website. Eine Weitergabe an Dritte oder eine anderweitige Verwendung der Daten durch Dritte findet nicht statt. Wir behalten uns allerdings vor, die Server-Logfiles nachtr\u00e4glich zu \u00fcberpr\u00fcfen, sollten konkrete Anhaltspunkte auf eine rechtswidrige Nutzung hinweisen.<\/p>\n<h4>3) Cookies<\/h4>\n<p>Um den Besuch unserer Website attraktiv zu gestalten und die Nutzung bestimmter Funktionen zu erm\u00f6glichen, verwenden wir auf verschiedenen Seiten sogenannte Cookies. Hierbei handelt es sich um kleine Textdateien, die auf Ihrem Endger\u00e4t abgelegt werden. Einige der von uns verwendeten Cookies werden nach dem Ende der Browser-Sitzung, also nach Schlie\u00dfen Ihres Browsers, wieder gel\u00f6scht (sog. Sitzungs-Cookies). Andere Cookies verbleiben auf Ihrem Endger\u00e4t und erm\u00f6glichen uns , Ihren Browser beim n\u00e4chsten Besuch wiederzuerkennen (persistente Cookies). Werden Cookies gesetzt, erheben und verarbeiten diese im individuellen Umfang bestimmte Nutzerinformationen wie Browser- und Standortdaten sowie IP-Adresswerte. Persistente Cookies werden automatisiert nach einer vorgegebenen Dauer gel\u00f6scht, die sich je nach Cookie unterscheiden kann.<\/p>\n<p>Sofern durch einzelne von uns implementierte Cookies auch personenbezogene Daten verarbeitet werden, erfolgt die Verarbeitung gem\u00e4\u00df Art. 6 Abs. 1 lit. f DSGVO zur Wahrung unserer berechtigten Interessen an der bestm\u00f6glichen Funktionalit\u00e4t der Website sowie einer kundenfreundlichen und effektiven Ausgestaltung des Seitenbesuchs.<\/p>\n<p>Bitte beachten Sie, dass Sie Ihren Browser so einstellen k\u00f6nnen, dass Sie \u00fcber das Setzen von Cookies informiert werden und einzeln \u00fcber deren Annahme entscheiden oder die Annahme von Cookies f\u00fcr bestimmte F\u00e4lle oder generell ausschlie\u00dfen k\u00f6nnen. Jeder Browser unterscheidet sich in der Art, wie er die Cookie-Einstellungen verwaltet. Diese ist in dem Hilfemen\u00fc jedes Browsers beschrieben, welches Ihnen erl\u00e4utert, wie Sie Ihre Cookie-Einstellungen \u00e4ndern k\u00f6nnen. Diese finden Sie f\u00fcr die jeweiligen Browser unter den folgenden Links:<\/p>\n<p>Internet Explorer: <a href=\"http:\/\/windows.microsoft.com\/de-DE\/windows-vista\/Block-or-allow-cookies\" target=\"_blank\">http:\/\/windows.microsoft.com\/de-DE\/windows-vista\/Block-or-allow-cookies<\/a><br \/>\nFirefox: <a href=\"https:\/\/support.mozilla.org\/de\/kb\/cookies-erlauben-und-ablehnen\" target=\"_blank\">https:\/\/support.mozilla.org\/de\/kb\/cookies-erlauben-und-ablehnen<\/a><br \/>\nChrome: <a href=\"http:\/\/support.google.com\/chrome\/bin\/answer.py?hl=de&amp;hlrm=en&amp;answer=95647\" target=\"_blank\">http:\/\/support.google.com\/chrome\/bin\/answer.py?hl=de&amp;hlrm=en&amp;answer=95647<\/a><br \/>\nSafari: <a href=\"https:\/\/support.apple.com\/kb\/ph21411?locale=de_DE\" target=\"_blank\">https:\/\/support.apple.com\/kb\/ph21411?locale=de_DE<\/a><br \/>\nOpera: <a href=\"http:\/\/help.opera.com\/Windows\/10.20\/de\/cookies.html\" target=\"_blank\">http:\/\/help.opera.com\/Windows\/10.20\/de\/cookies.html<\/a><\/p>\n<p>Bitte beachten Sie, dass bei Nichtannahme von Cookies die Funktionalit\u00e4t unserer Website eingeschr\u00e4nkt sein kann.<\/p>\n<h4>4) Plugins &amp; Tracking und Social Media<\/h4>\n<p>Unsere Seiten verwenden keinerlei Plugins oder Tools die dazu geeignet sind, personenbezogene Daten zu erheben und an Dritte weiterzuleiten. Ein Tracking Ihres Nutzungsverhaltens auf unserer Homepage durch entsprechende Tracking Tools, deren erhobene Daten durch Drittanbieter ausgewertet werden k\u00f6nnten findet nicht statt. Eine direkte Verbindung durch PlugIns zu m\u00f6glichen Social Media Kan\u00e4len findet auf unseren Seiten an keiner Stelle statt.<\/p>\n","protected":false},"excerpt":{"rendered":"<p>1) Information \u00fcber die Erhebung personenbezogener Daten 1.1\u2009. Im Folgenden informieren wir Sie \u00fcber den Umgang mit etwaigen personenbezogenen Daten bei der Nutzung unserer Website. Personenbezogene Daten werden definiert als all jene Daten, mit denen Sie pers\u00f6nlich identifiziert werden k\u00f6nnen. &hellip; <a href=\"http:\/\/www.cosson-hausverwaltung.de\/cosson\/?page_id=351\">Weiterlesen <span class=\"meta-nav\">&rarr;<\/span><\/a><\/p>\n","protected":false},"author":1,"featured_media":0,"parent":0,"menu_order":0,"comment_status":"open","ping_status":"open","template":"","meta":[],"_links":{"self":[{"href":"http:\/\/www.cosson-hausverwaltung.de\/cosson\/index.php?rest_route=\/wp\/v2\/pages\/351"}],"collection":[{"href":"http:\/\/www.cosson-hausverwaltung.de\/cosson\/index.php?rest_route=\/wp\/v2\/pages"}],"about":[{"href":"http:\/\/www.cosson-hausverwaltung.de\/cosson\/index.php?rest_route=\/wp\/v2\/types\/page"}],"author":[{"embeddable":true,"href":"http:\/\/www.cosson-hausverwaltung.de\/cosson\/index.php?rest_route=\/wp\/v2\/users\/1"}],"replies":[{"embeddable":true,"href":"http:\/\/www.cosson-hausverwaltung.de\/cosson\/index.php?rest_route=%2Fwp%2Fv2%2Fcomments&post=351"}],"version-history":[{"count":21,"href":"http:\/\/www.cosson-hausverwaltung.de\/cosson\/index.php?rest_route=\/wp\/v2\/pages\/351\/revisions"}],"predecessor-version":[{"id":357,"href":"http:\/\/www.cosson-hausverwaltung.de\/cosson\/index.php?rest_route=\/wp\/v2\/pages\/351\/revisions\/357"}],"wp:attachment":[{"href":"http:\/\/www.cosson-hausverwaltung.de\/cosson\/index.php?rest_route=%2Fwp%2Fv2%2Fmedia&parent=351"}],"curies":[{"name":"wp","href":"https:\/\/api.w.org\/{rel}","templated":true}]}}