{"id":65,"date":"2012-12-07T15:18:10","date_gmt":"2012-12-07T13:18:10","guid":{"rendered":"http:\/\/www.dante-sound-aid.de\/cosson\/?page_id=65"},"modified":"2015-10-27T22:45:27","modified_gmt":"2015-10-27T20:45:27","slug":"das-unternehmen","status":"publish","type":"page","link":"http:\/\/www.cosson-hausverwaltung.de\/cosson\/?page_id=65","title":{"rendered":"Das Unternehmen"},"content":{"rendered":"<h3>Unsere Erfahrung &#8211; Ihr Vorteil<\/h3>\n<p>Die COSSON Haus- und WEG-Verwaltung bietet Ihnen passgenaue L\u00f6sungen zu allen Fragen rund um die Verwaltung Ihrer Immobilie &#8211; stets auf Ihre individuellen Bed\u00fcrfnisse zugeschnitten.<\/p>\n<p>Seit Jahren garantiert die Firma COSSON Haus- und WEG-Verwaltung ein hohes Ma\u00df an engagierter Kundenorientierung, Zuverl\u00e4ssigkeit und Effizienz. Das Bergische Land und das Ruhrgebiet bilden hierbei unsere regionalen Schwerpunkte. Unsere Mitarbeiter in Wuppertal und in Bochum erm\u00f6glichen Ihnen einen direkten pers\u00f6nlichen Kontakt zu uns und garantieren besten Service.<\/p>\n<p>Wir bieten Ihnen individuelle, umfassende sowie nachhaltige Beratung und Unterst\u00fctzung bei der Verwaltung Ihres Objektes.<\/p>\n<p>Die COSSON Haus- und WEG- Verwaltung legt besonderen Wert auf eine verl\u00e4ssliche Erreichbarkeit f\u00fcr ihre Kunden sowie die zeitnahe Abwicklung aller anstehenden Aufgaben. Denn f\u00fcr uns steht nicht nur Ihre Immobilie im Mittelpunkt unserer Arbeit \u2013 Ihre Anliegen, Ihre W\u00fcnsche, Ihre Fragen sind der Ausgangspunkt all unserer Bestrebungen, Ihre Immobilie bestm\u00f6glich zu betreuen.<\/p>\n<p>Wir freuen uns auf Ihren Anruf!<\/p>\n<h3>Unsere Professionalit\u00e4t &#8211; Ihre Sicherheit<\/h3>\n<p>Zu unseren Verwaltungsbereichen geh\u00f6ren sowohl Miet-, WEG- und Gewerbeverwaltungen als auch Stra\u00dfenverwaltungen als Bruchteilsgemeinschaften. Unser Service umfasst organisatorische, kaufm\u00e4nnische und technische Bereiche &#8211; wir betreuen kompetent und nachhaltig. So \u00fcbernehmen wir z.B. auch die Planung und Durchf\u00fchrung von Ma\u00dfnahmen zur Instandhaltung, Modernisierung und energetischen Optimierung. Mit der Begleitung von Gerichtsverfahren sind wir seit Jahren vertraut. <\/p>\n<p>Die COSSON Haus-und WEG-Verwaltung h\u00e4lt Ihnen den R\u00fccken frei &#8211; engagiert, zuverl\u00e4ssig, kundenorientiert und effizient.<\/p>\n<p>&nbsp;<\/p>\n<p>[button link=&#8220;http:\/\/www.cosson-hausverwaltung.de\/cosson\/?page_id=232&#8243; type=&#8220;icon&#8220; icon=&#8220;mail&#8220;] Kontaktieren Sie uns![\/button]<\/p>\n<p>&nbsp;<\/p>\n","protected":false},"excerpt":{"rendered":"<p>Unsere Erfahrung &#8211; Ihr Vorteil Die COSSON Haus- und WEG-Verwaltung bietet Ihnen passgenaue L\u00f6sungen zu allen Fragen rund um die Verwaltung Ihrer Immobilie &#8211; stets auf Ihre individuellen Bed\u00fcrfnisse zugeschnitten. Seit Jahren garantiert die Firma COSSON Haus- und WEG-Verwaltung ein &hellip; <a href=\"http:\/\/www.cosson-hausverwaltung.de\/cosson\/?page_id=65\">Weiterlesen <span class=\"meta-nav\">&rarr;<\/span><\/a><\/p>\n","protected":false},"author":2,"featured_media":0,"parent":0,"menu_order":0,"comment_status":"closed","ping_status":"closed","template":"","meta":[],"_links":{"self":[{"href":"http:\/\/www.cosson-hausverwaltung.de\/cosson\/index.php?rest_route=\/wp\/v2\/pages\/65"}],"collection":[{"href":"http:\/\/www.cosson-hausverwaltung.de\/cosson\/index.php?rest_route=\/wp\/v2\/pages"}],"about":[{"href":"http:\/\/www.cosson-hausverwaltung.de\/cosson\/index.php?rest_route=\/wp\/v2\/types\/page"}],"author":[{"embeddable":true,"href":"http:\/\/www.cosson-hausverwaltung.de\/cosson\/index.php?rest_route=\/wp\/v2\/users\/2"}],"replies":[{"embeddable":true,"href":"http:\/\/www.cosson-hausverwaltung.de\/cosson\/index.php?rest_route=%2Fwp%2Fv2%2Fcomments&post=65"}],"version-history":[{"count":30,"href":"http:\/\/www.cosson-hausverwaltung.de\/cosson\/index.php?rest_route=\/wp\/v2\/pages\/65\/revisions"}],"predecessor-version":[{"id":178,"href":"http:\/\/www.cosson-hausverwaltung.de\/cosson\/index.php?rest_route=\/wp\/v2\/pages\/65\/revisions\/178"}],"wp:attachment":[{"href":"http:\/\/www.cosson-hausverwaltung.de\/cosson\/index.php?rest_route=%2Fwp%2Fv2%2Fmedia&parent=65"}],"curies":[{"name":"wp","href":"https:\/\/api.w.org\/{rel}","templated":true}]}}