{"id":82,"date":"2012-12-05T09:05:12","date_gmt":"2012-12-05T07:05:12","guid":{"rendered":"http:\/\/www.dante-sound-aid.de\/cosson\/?page_id=2"},"modified":"2012-12-22T23:29:24","modified_gmt":"2012-12-22T21:29:24","slug":"dienstleistungen","status":"publish","type":"page","link":"http:\/\/www.cosson-hausverwaltung.de\/cosson\/?page_id=82","title":{"rendered":"Dienstleistungen"},"content":{"rendered":"<p>F\u00fcr die jeweiligen Verwaltungsaufgaben k\u00f6nnen wir auf \u00a0Mitarbeiter aus den Bereichen Sekretariat, Buchhaltung und Back Office zur\u00fcckgreifen. Wir verf\u00fcgen ebenfalls \u00fcber Mitarbeiter in den Bereichen Architektur und Bauleitung. Um die verwalteten Immobilien optimal betreuen zu k\u00f6nnen, pflegen wir eine enge Kooperation mit einer Vielzahl von zuverl\u00e4ssigen Handwerksbetrieben, mit Betrieben des technischen Geb\u00e4udemanagements, Hausmeister-, Reinigungs- und Sicherheitsdiensten. Selbstverst\u00e4ndlich arbeiten wir auch gerne mit den bew\u00e4hrten Handwerkern der jeweiligen Liegenschaft zusammen.<\/p>\n<p>Bei juristischen Problemen k\u00f6nnen wir auf Fachanw\u00e4lte f\u00fcr Miet- und Eigentumsrecht, f\u00fcr Baurecht sowie Vertragsrecht zur\u00fcckgreifen.<\/p>\n<p>&nbsp;<\/p>\n","protected":false},"excerpt":{"rendered":"<p>F\u00fcr die jeweiligen Verwaltungsaufgaben k\u00f6nnen wir auf \u00a0Mitarbeiter aus den Bereichen Sekretariat, Buchhaltung und Back Office zur\u00fcckgreifen. Wir verf\u00fcgen ebenfalls \u00fcber Mitarbeiter in den Bereichen Architektur und Bauleitung. Um die verwalteten Immobilien optimal betreuen zu k\u00f6nnen, pflegen wir eine enge &hellip; <a href=\"http:\/\/www.cosson-hausverwaltung.de\/cosson\/?page_id=82\">Weiterlesen <span class=\"meta-nav\">&rarr;<\/span><\/a><\/p>\n","protected":false},"author":2,"featured_media":0,"parent":0,"menu_order":0,"comment_status":"open","ping_status":"open","template":"","meta":[],"_links":{"self":[{"href":"http:\/\/www.cosson-hausverwaltung.de\/cosson\/index.php?rest_route=\/wp\/v2\/pages\/82"}],"collection":[{"href":"http:\/\/www.cosson-hausverwaltung.de\/cosson\/index.php?rest_route=\/wp\/v2\/pages"}],"about":[{"href":"http:\/\/www.cosson-hausverwaltung.de\/cosson\/index.php?rest_route=\/wp\/v2\/types\/page"}],"author":[{"embeddable":true,"href":"http:\/\/www.cosson-hausverwaltung.de\/cosson\/index.php?rest_route=\/wp\/v2\/users\/2"}],"replies":[{"embeddable":true,"href":"http:\/\/www.cosson-hausverwaltung.de\/cosson\/index.php?rest_route=%2Fwp%2Fv2%2Fcomments&post=82"}],"version-history":[{"count":6,"href":"http:\/\/www.cosson-hausverwaltung.de\/cosson\/index.php?rest_route=\/wp\/v2\/pages\/82\/revisions"}],"predecessor-version":[{"id":324,"href":"http:\/\/www.cosson-hausverwaltung.de\/cosson\/index.php?rest_route=\/wp\/v2\/pages\/82\/revisions\/324"}],"wp:attachment":[{"href":"http:\/\/www.cosson-hausverwaltung.de\/cosson\/index.php?rest_route=%2Fwp%2Fv2%2Fmedia&parent=82"}],"curies":[{"name":"wp","href":"https:\/\/api.w.org\/{rel}","templated":true}]}}